{"id":538,"date":"2023-04-19T21:57:22","date_gmt":"2023-04-19T21:57:22","guid":{"rendered":"https:\/\/restaurante.unitedbusinessglobal.com\/?post_type=product&#038;p=538"},"modified":"2023-11-14T11:15:56","modified_gmt":"2023-11-14T11:15:56","slug":"ternera-en-coccion-lenta","status":"publish","type":"product","link":"https:\/\/restaurante.unitedbusinessglobal.com\/index.php\/product\/ternera-en-coccion-lenta\/","title":{"rendered":"Ternera en cocci\u00f3n lenta"},"content":{"rendered":"<p>Ternera en cocci\u00f3n lenta (12 hs), grillada a las brasas con salsa ahumada en reducci\u00f3n de aceto y Jerez. Acompa\u00f1ada de acorde\u00f3n de papas, sobre pur\u00e9 de papa y br\u00f3coli.<\/p>\n","protected":false},"excerpt":{"rendered":"<p>Ternera en cocci\u00f3n lenta (12 hs), grillada a las brasas con salsa ahumada en reducci\u00f3n de aceto y Jerez. Acompa\u00f1ada de acorde\u00f3n de papas, sobre pur\u00e9 de papa y br\u00f3coli.<\/p>\n","protected":false},"featured_media":0,"template":"","meta":{"_et_pb_use_builder":"","_et_pb_old_content":"","_et_gb_content_width":""},"product_cat":[18,28],"product_tag":[],"_links":{"self":[{"href":"https:\/\/restaurante.unitedbusinessglobal.com\/index.php\/wp-json\/wp\/v2\/product\/538"}],"collection":[{"href":"https:\/\/restaurante.unitedbusinessglobal.com\/index.php\/wp-json\/wp\/v2\/product"}],"about":[{"href":"https:\/\/restaurante.unitedbusinessglobal.com\/index.php\/wp-json\/wp\/v2\/types\/product"}],"wp:attachment":[{"href":"https:\/\/restaurante.unitedbusinessglobal.com\/index.php\/wp-json\/wp\/v2\/media?parent=538"}],"wp:term":[{"taxonomy":"product_cat","embeddable":true,"href":"https:\/\/restaurante.unitedbusinessglobal.com\/index.php\/wp-json\/wp\/v2\/product_cat?post=538"},{"taxonomy":"product_tag","embeddable":true,"href":"https:\/\/restaurante.unitedbusinessglobal.com\/index.php\/wp-json\/wp\/v2\/product_tag?post=538"}],"curies":[{"name":"wp","href":"https:\/\/api.w.org\/{rel}","templated":true}]}}