{"id":488,"date":"2023-01-27T20:13:42","date_gmt":"2023-01-27T20:13:42","guid":{"rendered":"https:\/\/restaurante.unitedbusinessglobal.com\/?post_type=product&#038;p=488"},"modified":"2023-11-14T11:15:56","modified_gmt":"2023-11-14T11:15:56","slug":"solomillo-laqueado","status":"publish","type":"product","link":"https:\/\/restaurante.unitedbusinessglobal.com\/index.php\/product\/solomillo-laqueado\/","title":{"rendered":"Solomillo Laqueado"},"content":{"rendered":"<p>Solomillo de cerdo laqueado con reducci\u00f3n de vino, miel, tomillo y ciruelas pasas. Acompa\u00f1ado de pur\u00e9 de batata con alm\u00edbar de co\u00f1ac.<\/p>\n","protected":false},"excerpt":{"rendered":"<p>Solomillo de cerdo laqueado con reducci\u00f3n de vino, miel, tomillo y ciruelas pasas. Acompa\u00f1ado de pur\u00e9 de batata con alm\u00edbar de co\u00f1ac.<\/p>\n","protected":false},"featured_media":0,"template":"","meta":{"_et_pb_use_builder":"","_et_pb_old_content":"","_et_gb_content_width":""},"product_cat":[22,18],"product_tag":[],"_links":{"self":[{"href":"https:\/\/restaurante.unitedbusinessglobal.com\/index.php\/wp-json\/wp\/v2\/product\/488"}],"collection":[{"href":"https:\/\/restaurante.unitedbusinessglobal.com\/index.php\/wp-json\/wp\/v2\/product"}],"about":[{"href":"https:\/\/restaurante.unitedbusinessglobal.com\/index.php\/wp-json\/wp\/v2\/types\/product"}],"wp:attachment":[{"href":"https:\/\/restaurante.unitedbusinessglobal.com\/index.php\/wp-json\/wp\/v2\/media?parent=488"}],"wp:term":[{"taxonomy":"product_cat","embeddable":true,"href":"https:\/\/restaurante.unitedbusinessglobal.com\/index.php\/wp-json\/wp\/v2\/product_cat?post=488"},{"taxonomy":"product_tag","embeddable":true,"href":"https:\/\/restaurante.unitedbusinessglobal.com\/index.php\/wp-json\/wp\/v2\/product_tag?post=488"}],"curies":[{"name":"wp","href":"https:\/\/api.w.org\/{rel}","templated":true}]}}